{"id":15804,"date":"2024-03-27T08:43:29","date_gmt":"2024-03-27T08:43:29","guid":{"rendered":"https:\/\/traductoresjuradositrad.com\/politica-de-accesibilidad\/"},"modified":"2024-03-27T08:43:29","modified_gmt":"2024-03-27T08:43:29","slug":"politica-de-accesibilidad","status":"publish","type":"page","link":"https:\/\/traductoresjuradositrad.com\/en\/politica-de-accesibilidad\/","title":{"rendered":"Pol\u00edtica de Accesibilidad"},"content":{"rendered":"\t\t<div data-elementor-type=\"wp-page\" data-elementor-id=\"15804\" class=\"elementor elementor-15804 elementor-571\" data-elementor-post-type=\"page\">\n\t\t\t\t<div class=\"elementor-element elementor-element-18ae15d e-flex e-con-boxed e-con e-parent\" data-id=\"18ae15d\" data-element_type=\"container\" data-e-type=\"container\" data-settings=\"{&quot;background_background&quot;:&quot;gradient&quot;}\">\n\t\t\t\t\t<div class=\"e-con-inner\">\n\t\t<div class=\"elementor-element elementor-element-0cc7df9 e-con-full e-flex e-con e-child\" data-id=\"0cc7df9\" data-element_type=\"container\" data-e-type=\"container\">\n\t\t\t\t<div class=\"elementor-element elementor-element-3230444 elementor-invisible elementor-widget elementor-widget-heading\" data-id=\"3230444\" data-element_type=\"widget\" data-e-type=\"widget\" data-settings=\"{&quot;_animation&quot;:&quot;fadeIn&quot;}\" data-widget_type=\"heading.default\">\n\t\t\t\t<div class=\"elementor-widget-container\">\n\t\t\t\t\t<h1 class=\"elementor-heading-title elementor-size-default\">Declaraci\u00f3n de Accesibilidad Traductores Jurados iTrad<\/h1>\t\t\t\t<\/div>\n\t\t\t\t<\/div>\n\t\t\t\t<\/div>\n\t\t\t\t\t<\/div>\n\t\t\t\t<\/div>\n\t\t<div class=\"elementor-element elementor-element-9e2ed39 e-flex e-con-boxed e-con e-parent\" data-id=\"9e2ed39\" data-element_type=\"container\" data-e-type=\"container\" data-settings=\"{&quot;background_background&quot;:&quot;classic&quot;}\">\n\t\t\t\t\t<div class=\"e-con-inner\">\n\t\t<div class=\"elementor-element elementor-element-0c7165e e-con-full e-flex e-con e-child\" data-id=\"0c7165e\" data-element_type=\"container\" data-e-type=\"container\">\n\t\t\t\t<div class=\"elementor-element elementor-element-a7b1706 elementor-widget-mobile__width-initial elementor-invisible elementor-widget elementor-widget-text-editor\" data-id=\"a7b1706\" data-element_type=\"widget\" data-e-type=\"widget\" data-settings=\"{&quot;_animation&quot;:&quot;fadeIn&quot;}\" data-widget_type=\"text-editor.default\">\n\t\t\t\t<div class=\"elementor-widget-container\">\n\t\t\t\t\t\t\t\t\t<p><b>Pol\u00edtica de accesibilidad<\/b><\/p><p><span style=\"font-weight: 400;\">La empresa BABYLON SYSTEMS <\/span><span style=\"font-weight: 400;\">se ha comprometido a hacer accesible su sitio web de conformidad con el Real Decreto 1112\/2018, de 7 de septiembre, sobre accesibilidad de los sitios web y aplicaciones para dispositivos m\u00f3viles del sector p\u00fablico, o desarrollos financiados desde Europa.<\/span><\/p><p><span style=\"font-weight: 400;\">La presente declaraci\u00f3n de accesibilidad se aplica al sitio web <\/span><a href=\"https:\/\/traductoresjuradositrad.com\/\"><span style=\"font-weight: 400;\">https:\/\/traductoresjuradositrad.com\/<\/span><\/a> <span style=\"font-weight: 400;\">excluyendo los contenidos incrustados provenientes de otros dominios.<\/span><\/p><p><strong><br \/><\/strong><b>Situaci\u00f3n de cumplimiento<\/b><br \/><span style=\"font-weight: 400;\">Este sitio web es Parcialmente conforme con el RD 1112\/2018 debido a la falta de conformidad de los aspectos que se indican a continuaci\u00f3n.<\/span><\/p><p>\u00a0<\/p><h5><b>Contenido no accesible<\/b><\/h5><p><span style=\"font-weight: 400;\">El contenido que se recoge a continuaci\u00f3n no es accesible por los siguientes motivos:<\/span><\/p><h6><b>Falta de conformidad:<\/b><\/h6><p><span style=\"font-weight: 400;\">Pueden existir algunas im\u00e1genes cuya alternativa no est\u00e9 implementada o no sea correcta \u2013 \u2013 Requisito 9.1.1.1 Contenido no textual UNE-EN 301549:2022<\/span><span style=\"font-weight: 400;\"><br \/><\/span><span style=\"font-weight: 400;\">En los formularios, puede haber campos que no se hayan facilitado su rellenado a trav\u00e9s de sistemas autom\u00e1ticos \u2013 Requisito 9.1.3.5 Identificar el prop\u00f3sito de la entrada UNE-EN 301549:2022<\/span><span style=\"font-weight: 400;\"><br \/><\/span><span style=\"font-weight: 400;\">Podr\u00edan existir fallos puntuales de edici\u00f3n en alguna p\u00e1gina web.<\/span><span style=\"font-weight: 400;\"><br \/><\/span><span style=\"font-weight: 400;\">Carga desproporcionada: No resulta aplicable.<\/span><span style=\"font-weight: 400;\"><br \/><\/span><span style=\"font-weight: 400;\">El contenido no entra dentro del \u00e1mbito de la legislaci\u00f3n aplicable.<\/span><span style=\"font-weight: 400;\"><br \/><\/span><span style=\"font-weight: 400;\">Podr\u00edan existir archivos ofim\u00e1ticos en PDF u otros formatos publicados antes del 20 de septiembre de 2018 que no cumplan en su totalidad todos los requisitos de accesibilidad.<\/span><span style=\"font-weight: 400;\"><br \/><\/span><span style=\"font-weight: 400;\">Puede haber contenidos de terceros que no est\u00e9n desarrollados en esta Unidad, ni bajo su control, como archivos ofim\u00e1ticos de diferentes organismos que deban publicarse en este sitio.<\/span><\/p>\t\t\t\t\t\t\t\t<\/div>\n\t\t\t\t<\/div>\n\t\t\t\t<\/div>\n\t\t\t\t\t<\/div>\n\t\t\t\t<\/div>\n\t\t\t\t<\/div>\n\t\t","protected":false},"excerpt":{"rendered":"<p>Declaraci\u00f3n de Accesibilidad Traductores Jurados iTrad Pol\u00edtica de accesibilidad La empresa BABYLON SYSTEMS se ha comprometido a hacer accesible su sitio web de conformidad con el Real Decreto 1112\/2018, de 7 de septiembre, sobre accesibilidad de los sitios web y aplicaciones para dispositivos m\u00f3viles del sector p\u00fablico, o desarrollos financiados desde Europa. La presente declaraci\u00f3n [&hellip;]<\/p>\n","protected":false},"author":1,"featured_media":0,"parent":0,"menu_order":0,"comment_status":"closed","ping_status":"closed","template":"","meta":{"_joinchat":[],"footnotes":""},"class_list":["post-15804","page","type-page","status-publish","hentry"],"yoast_head":"<!-- This site is optimized with the Yoast SEO plugin v27.4 - https:\/\/yoast.com\/product\/yoast-seo-wordpress\/ -->\n<title>Pol\u00edtica de Accesibilidad | Itrad Traducciones<\/title>\n<meta name=\"robots\" content=\"index, follow, max-snippet:-1, max-image-preview:large, max-video-preview:-1\" \/>\n<link rel=\"canonical\" href=\"https:\/\/traductoresjuradositrad.com\/en\/politica-de-accesibilidad\/\" \/>\n<meta property=\"og:locale\" content=\"en_US\" \/>\n<meta property=\"og:type\" content=\"article\" \/>\n<meta property=\"og:title\" content=\"Pol\u00edtica de Accesibilidad | Itrad Traducciones\" \/>\n<meta property=\"og:description\" content=\"Declaraci\u00f3n de Accesibilidad Traductores Jurados iTrad Pol\u00edtica de accesibilidad La empresa BABYLON SYSTEMS se ha comprometido a hacer accesible su sitio web de conformidad con el Real Decreto 1112\/2018, de 7 de septiembre, sobre accesibilidad de los sitios web y aplicaciones para dispositivos m\u00f3viles del sector p\u00fablico, o desarrollos financiados desde Europa. La presente declaraci\u00f3n [&hellip;]\" \/>\n<meta property=\"og:url\" content=\"https:\/\/traductoresjuradositrad.com\/en\/politica-de-accesibilidad\/\" \/>\n<meta property=\"og:site_name\" content=\"Itrad Traducciones\" \/>\n<meta property=\"og:image\" content=\"https:\/\/traductoresjuradositrad.com\/wp-content\/uploads\/2025\/04\/itrad-agencia-de-traduccion-jurada-certificada.jpg\" \/>\n\t<meta property=\"og:image:width\" content=\"1509\" \/>\n\t<meta property=\"og:image:height\" content=\"776\" \/>\n\t<meta property=\"og:image:type\" content=\"image\/jpeg\" \/>\n<meta name=\"twitter:card\" content=\"summary_large_image\" \/>\n<meta name=\"twitter:label1\" content=\"Est. reading time\" \/>\n\t<meta name=\"twitter:data1\" content=\"1 minute\" \/>\n<script type=\"application\/ld+json\" class=\"yoast-schema-graph\">{\"@context\":\"https:\\\/\\\/schema.org\",\"@graph\":[{\"@type\":\"WebPage\",\"@id\":\"https:\\\/\\\/traductoresjuradositrad.com\\\/en\\\/politica-de-accesibilidad\\\/\",\"url\":\"https:\\\/\\\/traductoresjuradositrad.com\\\/en\\\/politica-de-accesibilidad\\\/\",\"name\":\"Pol\u00edtica de Accesibilidad | Itrad Traducciones\",\"isPartOf\":{\"@id\":\"https:\\\/\\\/traductoresjuradositrad.com\\\/en\\\/#website\"},\"datePublished\":\"2024-03-27T08:43:29+00:00\",\"breadcrumb\":{\"@id\":\"https:\\\/\\\/traductoresjuradositrad.com\\\/en\\\/politica-de-accesibilidad\\\/#breadcrumb\"},\"inLanguage\":\"en-US\",\"potentialAction\":[{\"@type\":\"ReadAction\",\"target\":[\"https:\\\/\\\/traductoresjuradositrad.com\\\/en\\\/politica-de-accesibilidad\\\/\"]}]},{\"@type\":\"BreadcrumbList\",\"@id\":\"https:\\\/\\\/traductoresjuradositrad.com\\\/en\\\/politica-de-accesibilidad\\\/#breadcrumb\",\"itemListElement\":[{\"@type\":\"ListItem\",\"position\":1,\"name\":\"Portada\",\"item\":\"https:\\\/\\\/traductoresjuradositrad.com\\\/en\\\/start\\\/\"},{\"@type\":\"ListItem\",\"position\":2,\"name\":\"Pol\u00edtica de Accesibilidad\"}]},{\"@type\":\"WebSite\",\"@id\":\"https:\\\/\\\/traductoresjuradositrad.com\\\/en\\\/#website\",\"url\":\"https:\\\/\\\/traductoresjuradositrad.com\\\/en\\\/\",\"name\":\"Traductores Jurados Itrad\",\"description\":\"agencia de traducci\u00f3n jurada certificada\",\"publisher\":{\"@id\":\"https:\\\/\\\/traductoresjuradositrad.com\\\/en\\\/#organization\"},\"potentialAction\":[{\"@type\":\"SearchAction\",\"target\":{\"@type\":\"EntryPoint\",\"urlTemplate\":\"https:\\\/\\\/traductoresjuradositrad.com\\\/en\\\/?s={search_term_string}\"},\"query-input\":{\"@type\":\"PropertyValueSpecification\",\"valueRequired\":true,\"valueName\":\"search_term_string\"}}],\"inLanguage\":\"en-US\"},{\"@type\":\"Organization\",\"@id\":\"https:\\\/\\\/traductoresjuradositrad.com\\\/en\\\/#organization\",\"name\":\"Traductores Jurados Itrad\",\"url\":\"https:\\\/\\\/traductoresjuradositrad.com\\\/en\\\/\",\"logo\":{\"@type\":\"ImageObject\",\"inLanguage\":\"en-US\",\"@id\":\"https:\\\/\\\/traductoresjuradositrad.com\\\/en\\\/#\\\/schema\\\/logo\\\/image\\\/\",\"url\":\"https:\\\/\\\/traductoresjuradositrad.com\\\/wp-content\\\/uploads\\\/2025\\\/04\\\/cropped-icono-itrad.png\",\"contentUrl\":\"https:\\\/\\\/traductoresjuradositrad.com\\\/wp-content\\\/uploads\\\/2025\\\/04\\\/cropped-icono-itrad.png\",\"width\":512,\"height\":512,\"caption\":\"Traductores Jurados Itrad\"},\"image\":{\"@id\":\"https:\\\/\\\/traductoresjuradositrad.com\\\/en\\\/#\\\/schema\\\/logo\\\/image\\\/\"}}]}<\/script>\n<!-- \/ Yoast SEO plugin. -->","yoast_head_json":{"title":"Pol\u00edtica de Accesibilidad | Itrad Traducciones","robots":{"index":"index","follow":"follow","max-snippet":"max-snippet:-1","max-image-preview":"max-image-preview:large","max-video-preview":"max-video-preview:-1"},"canonical":"https:\/\/traductoresjuradositrad.com\/en\/politica-de-accesibilidad\/","og_locale":"en_US","og_type":"article","og_title":"Pol\u00edtica de Accesibilidad | Itrad Traducciones","og_description":"Declaraci\u00f3n de Accesibilidad Traductores Jurados iTrad Pol\u00edtica de accesibilidad La empresa BABYLON SYSTEMS se ha comprometido a hacer accesible su sitio web de conformidad con el Real Decreto 1112\/2018, de 7 de septiembre, sobre accesibilidad de los sitios web y aplicaciones para dispositivos m\u00f3viles del sector p\u00fablico, o desarrollos financiados desde Europa. La presente declaraci\u00f3n [&hellip;]","og_url":"https:\/\/traductoresjuradositrad.com\/en\/politica-de-accesibilidad\/","og_site_name":"Itrad Traducciones","og_image":[{"width":1509,"height":776,"url":"https:\/\/traductoresjuradositrad.com\/wp-content\/uploads\/2025\/04\/itrad-agencia-de-traduccion-jurada-certificada.jpg","type":"image\/jpeg"}],"twitter_card":"summary_large_image","twitter_misc":{"Est. reading time":"1 minute"},"schema":{"@context":"https:\/\/schema.org","@graph":[{"@type":"WebPage","@id":"https:\/\/traductoresjuradositrad.com\/en\/politica-de-accesibilidad\/","url":"https:\/\/traductoresjuradositrad.com\/en\/politica-de-accesibilidad\/","name":"Pol\u00edtica de Accesibilidad | Itrad Traducciones","isPartOf":{"@id":"https:\/\/traductoresjuradositrad.com\/en\/#website"},"datePublished":"2024-03-27T08:43:29+00:00","breadcrumb":{"@id":"https:\/\/traductoresjuradositrad.com\/en\/politica-de-accesibilidad\/#breadcrumb"},"inLanguage":"en-US","potentialAction":[{"@type":"ReadAction","target":["https:\/\/traductoresjuradositrad.com\/en\/politica-de-accesibilidad\/"]}]},{"@type":"BreadcrumbList","@id":"https:\/\/traductoresjuradositrad.com\/en\/politica-de-accesibilidad\/#breadcrumb","itemListElement":[{"@type":"ListItem","position":1,"name":"Portada","item":"https:\/\/traductoresjuradositrad.com\/en\/start\/"},{"@type":"ListItem","position":2,"name":"Pol\u00edtica de Accesibilidad"}]},{"@type":"WebSite","@id":"https:\/\/traductoresjuradositrad.com\/en\/#website","url":"https:\/\/traductoresjuradositrad.com\/en\/","name":"Traductores Jurados Itrad","description":"agencia de traducci\u00f3n jurada certificada","publisher":{"@id":"https:\/\/traductoresjuradositrad.com\/en\/#organization"},"potentialAction":[{"@type":"SearchAction","target":{"@type":"EntryPoint","urlTemplate":"https:\/\/traductoresjuradositrad.com\/en\/?s={search_term_string}"},"query-input":{"@type":"PropertyValueSpecification","valueRequired":true,"valueName":"search_term_string"}}],"inLanguage":"en-US"},{"@type":"Organization","@id":"https:\/\/traductoresjuradositrad.com\/en\/#organization","name":"Traductores Jurados Itrad","url":"https:\/\/traductoresjuradositrad.com\/en\/","logo":{"@type":"ImageObject","inLanguage":"en-US","@id":"https:\/\/traductoresjuradositrad.com\/en\/#\/schema\/logo\/image\/","url":"https:\/\/traductoresjuradositrad.com\/wp-content\/uploads\/2025\/04\/cropped-icono-itrad.png","contentUrl":"https:\/\/traductoresjuradositrad.com\/wp-content\/uploads\/2025\/04\/cropped-icono-itrad.png","width":512,"height":512,"caption":"Traductores Jurados Itrad"},"image":{"@id":"https:\/\/traductoresjuradositrad.com\/en\/#\/schema\/logo\/image\/"}}]}},"_links":{"self":[{"href":"https:\/\/traductoresjuradositrad.com\/en\/wp-json\/wp\/v2\/pages\/15804","targetHints":{"allow":["GET"]}}],"collection":[{"href":"https:\/\/traductoresjuradositrad.com\/en\/wp-json\/wp\/v2\/pages"}],"about":[{"href":"https:\/\/traductoresjuradositrad.com\/en\/wp-json\/wp\/v2\/types\/page"}],"author":[{"embeddable":true,"href":"https:\/\/traductoresjuradositrad.com\/en\/wp-json\/wp\/v2\/users\/1"}],"replies":[{"embeddable":true,"href":"https:\/\/traductoresjuradositrad.com\/en\/wp-json\/wp\/v2\/comments?post=15804"}],"version-history":[{"count":0,"href":"https:\/\/traductoresjuradositrad.com\/en\/wp-json\/wp\/v2\/pages\/15804\/revisions"}],"wp:attachment":[{"href":"https:\/\/traductoresjuradositrad.com\/en\/wp-json\/wp\/v2\/media?parent=15804"}],"curies":[{"name":"wp","href":"https:\/\/api.w.org\/{rel}","templated":true}]}}